{"id":2777,"date":"2025-05-29T18:22:35","date_gmt":"2025-05-29T18:22:35","guid":{"rendered":"https:\/\/groupabz.com\/?page_id=2777"},"modified":"2025-08-20T17:27:33","modified_gmt":"2025-08-20T17:27:33","slug":"legal-compliance","status":"publish","type":"page","link":"https:\/\/groupabz.com\/pt\/legal-compliance\/","title":{"rendered":"Legal and Compliance"},"content":{"rendered":"<div data-elementor-type=\"wp-page\" data-elementor-id=\"2777\" class=\"elementor elementor-2777\" data-elementor-post-type=\"page\">\n\t\t\t\t<div class=\"elementor-element elementor-element-7da254f9 e-flex e-con-boxed e-con e-parent\" data-id=\"7da254f9\" data-element_type=\"container\" data-e-type=\"container\" data-settings=\"{&quot;background_background&quot;:&quot;classic&quot;}\">\n\t\t\t\t\t<div class=\"e-con-inner\">\n\t\t\t\t<div class=\"elementor-element elementor-element-4005bd1b elementor-invisible elementor-widget elementor-widget-heading\" data-id=\"4005bd1b\" data-element_type=\"widget\" data-e-type=\"widget\" data-settings=\"{&quot;_animation&quot;:&quot;fadeIn&quot;,&quot;_animation_delay&quot;:400}\" data-widget_type=\"heading.default\">\n\t\t\t\t<div class=\"elementor-widget-container\">\n\t\t\t\t\t<h1 class=\"elementor-heading-title elementor-size-default\">Legal and Compliance<\/h1>\t\t\t\t<\/div>\n\t\t\t\t<\/div>\n\t\t\t\t\t<\/div>\n\t\t\t\t<\/div>\n\t\t<div class=\"elementor-element elementor-element-5c7c6e02 e-flex e-con-boxed e-con e-parent\" data-id=\"5c7c6e02\" data-element_type=\"container\" data-e-type=\"container\">\n\t\t\t\t\t<div class=\"e-con-inner\">\n\t\t<div class=\"elementor-element elementor-element-e46c921 e-con-full e-flex e-con e-child\" data-id=\"e46c921\" data-element_type=\"container\" data-e-type=\"container\">\n\t\t\t\t<div class=\"elementor-element elementor-element-a859b50 elementor-widget elementor-widget-heading\" data-id=\"a859b50\" data-element_type=\"widget\" data-e-type=\"widget\" data-widget_type=\"heading.default\">\n\t\t\t\t<div class=\"elementor-widget-container\">\n\t\t\t\t\t<h2 class=\"elementor-heading-title elementor-size-default\">Nossas Pol\u00edticas<\/h2>\t\t\t\t<\/div>\n\t\t\t\t<\/div>\n\t\t\t\t<div class=\"elementor-element elementor-element-0c62c2e elementor-widget elementor-widget-text-editor\" data-id=\"0c62c2e\" data-element_type=\"widget\" data-e-type=\"widget\" data-widget_type=\"text-editor.default\">\n\t\t\t\t<div class=\"elementor-widget-container\">\n\t\t\t\t\t\t\t\t\t<p data-start=\"64\" data-end=\"312\">Na ABZ Group, a integridade \u00e9 a base de tudo o que fazemos. Nossa atua\u00e7\u00e3o global exige o cumprimento rigoroso de leis, regulamentos e boas pr\u00e1ticas, garantindo rela\u00e7\u00f5es transparentes, \u00e9ticas e seguras com clientes, parceiros e colaboradores.<\/p><p data-start=\"314\" data-end=\"557\" data-is-last-node=\"\" data-is-only-node=\"\">Nesta p\u00e1gina, disponibilizamos nossas principais pol\u00edticas corporativas, que refletem nosso compromisso com qualidade, seguran\u00e7a, \u00e9tica e privacidade de dados. Recomendamos a leitura atenta de cada documento para conhecer os princ\u00edpios que norteiam nossas opera\u00e7\u00f5es.<\/p>\t\t\t\t\t\t\t\t<\/div>\n\t\t\t\t<\/div>\n\t\t\t\t<\/div>\n\t\t<div class=\"elementor-element elementor-element-c6de39e e-con-full e-flex e-con e-child\" data-id=\"c6de39e\" data-element_type=\"container\" data-e-type=\"container\" data-settings=\"{&quot;background_background&quot;:&quot;classic&quot;}\">\n\t\t<div class=\"elementor-element elementor-element-3c14d7e e-con-full e-flex e-con e-child\" data-id=\"3c14d7e\" data-element_type=\"container\" data-e-type=\"container\">\n\t\t<div class=\"elementor-element elementor-element-a876597 e-con-full e-flex e-con e-child\" data-id=\"a876597\" data-element_type=\"container\" data-e-type=\"container\" data-settings=\"{&quot;background_background&quot;:&quot;classic&quot;}\">\n\t\t\t\t<div class=\"elementor-element elementor-element-97b67be elementor-widget elementor-widget-heading\" data-id=\"97b67be\" data-element_type=\"widget\" data-e-type=\"widget\" data-widget_type=\"heading.default\">\n\t\t\t\t<div class=\"elementor-widget-container\">\n\t\t\t\t\t<h2 class=\"elementor-heading-title elementor-size-default\">Pol\u00edtica de Qualidade<\/h2>\t\t\t\t<\/div>\n\t\t\t\t<\/div>\n\t\t\t\t<div class=\"elementor-element elementor-element-20cd06c elementor-align-left elementor-widget__width-auto button-explore elementor-widget elementor-widget-button\" data-id=\"20cd06c\" data-element_type=\"widget\" data-e-type=\"widget\" data-widget_type=\"button.default\">\n\t\t\t\t<div class=\"elementor-widget-container\">\n\t\t\t\t\t\t\t\t\t<div class=\"elementor-button-wrapper\">\n\t\t\t\t\t<a class=\"elementor-button elementor-button-link elementor-size-sm\" href=\"https:\/\/groupabz.com\/wp-content\/uploads\/2025\/05\/Quality-Policy_ABZ-Group_R8.pdf\">\n\t\t\t\t\t\t<span class=\"elementor-button-content-wrapper\">\n\t\t\t\t\t\t<span class=\"elementor-button-icon\">\n\t\t\t\t<svg aria-hidden=\"true\" class=\"e-font-icon-svg e-fas-arrow-right\" viewbox=\"0 0 448 512\" xmlns=\"http:\/\/www.w3.org\/2000\/svg\"><path d=\"M190.5 66.9l22.2-22.2c9.4-9.4 24.6-9.4 33.9 0L441 239c9.4 9.4 9.4 24.6 0 33.9L246.6 467.3c-9.4 9.4-24.6 9.4-33.9 0l-22.2-22.2c-9.5-9.5-9.3-25 .4-34.3L311.4 296H24c-13.3 0-24-10.7-24-24v-32c0-13.3 10.7-24 24-24h287.4L190.9 101.2c-9.8-9.3-10-24.8-.4-34.3z\"><\/path><\/svg>\t\t\t<\/span>\n\t\t\t\t\t\t\t\t\t<span class=\"elementor-button-text\">Download<\/span>\n\t\t\t\t\t<\/span>\n\t\t\t\t\t<\/a>\n\t\t\t\t<\/div>\n\t\t\t\t\t\t\t\t<\/div>\n\t\t\t\t<\/div>\n\t\t\t\t<\/div>\n\t\t<div class=\"elementor-element elementor-element-53f8706 e-con-full e-flex e-con e-child\" data-id=\"53f8706\" data-element_type=\"container\" data-e-type=\"container\" data-settings=\"{&quot;background_background&quot;:&quot;classic&quot;}\">\n\t\t\t\t<div class=\"elementor-element elementor-element-13895b1 elementor-widget elementor-widget-heading\" data-id=\"13895b1\" data-element_type=\"widget\" data-e-type=\"widget\" data-widget_type=\"heading.default\">\n\t\t\t\t<div class=\"elementor-widget-container\">\n\t\t\t\t\t<h2 class=\"elementor-heading-title elementor-size-default\">Pol\u00edtica de HSE<\/h2>\t\t\t\t<\/div>\n\t\t\t\t<\/div>\n\t\t\t\t<div class=\"elementor-element elementor-element-af5f4dd elementor-align-left elementor-widget__width-auto button-explore elementor-widget elementor-widget-button\" data-id=\"af5f4dd\" data-element_type=\"widget\" data-e-type=\"widget\" data-widget_type=\"button.default\">\n\t\t\t\t<div class=\"elementor-widget-container\">\n\t\t\t\t\t\t\t\t\t<div class=\"elementor-button-wrapper\">\n\t\t\t\t\t<a class=\"elementor-button elementor-button-link elementor-size-sm\" href=\"https:\/\/groupabz.com\/wp-content\/uploads\/2025\/05\/HSE-Policy_ABZ-Group-ENG_R0.pdf\">\n\t\t\t\t\t\t<span class=\"elementor-button-content-wrapper\">\n\t\t\t\t\t\t<span class=\"elementor-button-icon\">\n\t\t\t\t<svg aria-hidden=\"true\" class=\"e-font-icon-svg e-fas-arrow-right\" viewbox=\"0 0 448 512\" xmlns=\"http:\/\/www.w3.org\/2000\/svg\"><path d=\"M190.5 66.9l22.2-22.2c9.4-9.4 24.6-9.4 33.9 0L441 239c9.4 9.4 9.4 24.6 0 33.9L246.6 467.3c-9.4 9.4-24.6 9.4-33.9 0l-22.2-22.2c-9.5-9.5-9.3-25 .4-34.3L311.4 296H24c-13.3 0-24-10.7-24-24v-32c0-13.3 10.7-24 24-24h287.4L190.9 101.2c-9.8-9.3-10-24.8-.4-34.3z\"><\/path><\/svg>\t\t\t<\/span>\n\t\t\t\t\t\t\t\t\t<span class=\"elementor-button-text\">Download<\/span>\n\t\t\t\t\t<\/span>\n\t\t\t\t\t<\/a>\n\t\t\t\t<\/div>\n\t\t\t\t\t\t\t\t<\/div>\n\t\t\t\t<\/div>\n\t\t\t\t<\/div>\n\t\t<div class=\"elementor-element elementor-element-2ca117e e-con-full e-flex e-con e-child\" data-id=\"2ca117e\" data-element_type=\"container\" data-e-type=\"container\" data-settings=\"{&quot;background_background&quot;:&quot;classic&quot;}\">\n\t\t\t\t<div class=\"elementor-element elementor-element-7eec13d elementor-widget__width-initial elementor-widget-mobile__width-initial elementor-widget-tablet__width-initial elementor-widget elementor-widget-heading\" data-id=\"7eec13d\" data-element_type=\"widget\" data-e-type=\"widget\" data-widget_type=\"heading.default\">\n\t\t\t\t<div class=\"elementor-widget-container\">\n\t\t\t\t\t<h2 class=\"elementor-heading-title elementor-size-default\">C\u00f3digo de Conduta e \u00c9tica<\/h2>\t\t\t\t<\/div>\n\t\t\t\t<\/div>\n\t\t\t\t<div class=\"elementor-element elementor-element-9f4c959 elementor-align-left elementor-widget__width-auto button-explore elementor-widget elementor-widget-button\" data-id=\"9f4c959\" data-element_type=\"widget\" data-e-type=\"widget\" data-widget_type=\"button.default\">\n\t\t\t\t<div class=\"elementor-widget-container\">\n\t\t\t\t\t\t\t\t\t<div class=\"elementor-button-wrapper\">\n\t\t\t\t\t<a class=\"elementor-button elementor-button-link elementor-size-sm\" href=\"https:\/\/groupabz.com\/wp-content\/uploads\/2025\/05\/Code-of-Conduct-and-Ethics_R0.pdf\">\n\t\t\t\t\t\t<span class=\"elementor-button-content-wrapper\">\n\t\t\t\t\t\t<span class=\"elementor-button-icon\">\n\t\t\t\t<svg aria-hidden=\"true\" class=\"e-font-icon-svg e-fas-arrow-right\" viewbox=\"0 0 448 512\" xmlns=\"http:\/\/www.w3.org\/2000\/svg\"><path d=\"M190.5 66.9l22.2-22.2c9.4-9.4 24.6-9.4 33.9 0L441 239c9.4 9.4 9.4 24.6 0 33.9L246.6 467.3c-9.4 9.4-24.6 9.4-33.9 0l-22.2-22.2c-9.5-9.5-9.3-25 .4-34.3L311.4 296H24c-13.3 0-24-10.7-24-24v-32c0-13.3 10.7-24 24-24h287.4L190.9 101.2c-9.8-9.3-10-24.8-.4-34.3z\"><\/path><\/svg>\t\t\t<\/span>\n\t\t\t\t\t\t\t\t\t<span class=\"elementor-button-text\">Download<\/span>\n\t\t\t\t\t<\/span>\n\t\t\t\t\t<\/a>\n\t\t\t\t<\/div>\n\t\t\t\t\t\t\t\t<\/div>\n\t\t\t\t<\/div>\n\t\t\t\t<\/div>\n\t\t\t\t<\/div>\n\t\t<div class=\"elementor-element elementor-element-cc26b7d e-con-full e-flex e-con e-child\" data-id=\"cc26b7d\" data-element_type=\"container\" data-e-type=\"container\">\n\t\t<div class=\"elementor-element elementor-element-324c74b e-con-full e-flex e-con e-child\" data-id=\"324c74b\" data-element_type=\"container\" data-e-type=\"container\" data-settings=\"{&quot;background_background&quot;:&quot;classic&quot;}\">\n\t\t\t\t<div class=\"elementor-element elementor-element-37677c9 elementor-widget__width-initial elementor-widget-mobile__width-initial elementor-widget-tablet__width-initial elementor-widget elementor-widget-heading\" data-id=\"37677c9\" data-element_type=\"widget\" data-e-type=\"widget\" data-widget_type=\"heading.default\">\n\t\t\t\t<div class=\"elementor-widget-container\">\n\t\t\t\t\t<h2 class=\"elementor-heading-title elementor-size-default\">Modern Slavery Policy<\/h2>\t\t\t\t<\/div>\n\t\t\t\t<\/div>\n\t\t\t\t<div class=\"elementor-element elementor-element-42d6a68 elementor-align-left elementor-widget__width-auto button-explore elementor-widget elementor-widget-button\" data-id=\"42d6a68\" data-element_type=\"widget\" data-e-type=\"widget\" data-widget_type=\"button.default\">\n\t\t\t\t<div class=\"elementor-widget-container\">\n\t\t\t\t\t\t\t\t\t<div class=\"elementor-button-wrapper\">\n\t\t\t\t\t<a class=\"elementor-button elementor-button-link elementor-size-sm\" href=\"https:\/\/groupabz.com\/wp-content\/uploads\/2025\/08\/6.Modern-Slavery-Policy.pdf\">\n\t\t\t\t\t\t<span class=\"elementor-button-content-wrapper\">\n\t\t\t\t\t\t<span class=\"elementor-button-icon\">\n\t\t\t\t<svg aria-hidden=\"true\" class=\"e-font-icon-svg e-fas-arrow-right\" viewbox=\"0 0 448 512\" xmlns=\"http:\/\/www.w3.org\/2000\/svg\"><path d=\"M190.5 66.9l22.2-22.2c9.4-9.4 24.6-9.4 33.9 0L441 239c9.4 9.4 9.4 24.6 0 33.9L246.6 467.3c-9.4 9.4-24.6 9.4-33.9 0l-22.2-22.2c-9.5-9.5-9.3-25 .4-34.3L311.4 296H24c-13.3 0-24-10.7-24-24v-32c0-13.3 10.7-24 24-24h287.4L190.9 101.2c-9.8-9.3-10-24.8-.4-34.3z\"><\/path><\/svg>\t\t\t<\/span>\n\t\t\t\t\t\t\t\t\t<span class=\"elementor-button-text\">Download<\/span>\n\t\t\t\t\t<\/span>\n\t\t\t\t\t<\/a>\n\t\t\t\t<\/div>\n\t\t\t\t\t\t\t\t<\/div>\n\t\t\t\t<\/div>\n\t\t\t\t<\/div>\n\t\t<div class=\"elementor-element elementor-element-0d89199 e-con-full e-flex e-con e-child\" data-id=\"0d89199\" data-element_type=\"container\" data-e-type=\"container\" data-settings=\"{&quot;background_background&quot;:&quot;classic&quot;}\">\n\t\t\t\t<div class=\"elementor-element elementor-element-9fc814c elementor-widget-mobile__width-initial elementor-widget-tablet__width-initial elementor-widget elementor-widget-heading\" data-id=\"9fc814c\" data-element_type=\"widget\" data-e-type=\"widget\" data-widget_type=\"heading.default\">\n\t\t\t\t<div class=\"elementor-widget-container\">\n\t\t\t\t\t<h2 class=\"elementor-heading-title elementor-size-default\">Pol\u00edtica de Privacidade e Cookies<\/h2>\t\t\t\t<\/div>\n\t\t\t\t<\/div>\n\t\t\t\t<div class=\"elementor-element elementor-element-4de1bfb elementor-align-left elementor-widget__width-auto button-explore elementor-widget elementor-widget-button\" data-id=\"4de1bfb\" data-element_type=\"widget\" data-e-type=\"widget\" data-widget_type=\"button.default\">\n\t\t\t\t<div class=\"elementor-widget-container\">\n\t\t\t\t\t\t\t\t\t<div class=\"elementor-button-wrapper\">\n\t\t\t\t\t<a class=\"elementor-button elementor-button-link elementor-size-sm\" href=\"https:\/\/groupabz.com\/pt\/privacy-and-cookies-policy\/\">\n\t\t\t\t\t\t<span class=\"elementor-button-content-wrapper\">\n\t\t\t\t\t\t<span class=\"elementor-button-icon\">\n\t\t\t\t<svg aria-hidden=\"true\" class=\"e-font-icon-svg e-fas-arrow-right\" viewbox=\"0 0 448 512\" xmlns=\"http:\/\/www.w3.org\/2000\/svg\"><path d=\"M190.5 66.9l22.2-22.2c9.4-9.4 24.6-9.4 33.9 0L441 239c9.4 9.4 9.4 24.6 0 33.9L246.6 467.3c-9.4 9.4-24.6 9.4-33.9 0l-22.2-22.2c-9.5-9.5-9.3-25 .4-34.3L311.4 296H24c-13.3 0-24-10.7-24-24v-32c0-13.3 10.7-24 24-24h287.4L190.9 101.2c-9.8-9.3-10-24.8-.4-34.3z\"><\/path><\/svg>\t\t\t<\/span>\n\t\t\t\t\t\t\t\t\t<span class=\"elementor-button-text\">Acessar<\/span>\n\t\t\t\t\t<\/span>\n\t\t\t\t\t<\/a>\n\t\t\t\t<\/div>\n\t\t\t\t\t\t\t\t<\/div>\n\t\t\t\t<\/div>\n\t\t\t\t<\/div>\n\t\t\t\t<\/div>\n\t\t\t\t<\/div>\n\t\t\t\t\t<\/div>\n\t\t\t\t<\/div>\n\t\t\t\t<\/div>","protected":false},"excerpt":{"rendered":"<p>Legal and Compliance Our Policies At ABZ Group, integrity is the foundation of everything we do. Our global operations demand strict compliance with laws, regulations, and best practices, ensuring transparent, ethical, and secure relationships with clients, partners, and employees. On this page, we provide access to our main corporate policies, which reflect our commitment to [&hellip;]<\/p>\n","protected":false},"author":2,"featured_media":0,"parent":0,"menu_order":0,"comment_status":"closed","ping_status":"closed","template":"elementor_header_footer","meta":{"nf_dc_page":"","inline_featured_image":false,"footnotes":""},"class_list":["post-2777","page","type-page","status-publish","hentry"],"yoast_head":"<!-- This site is optimized with the Yoast SEO plugin v27.4 - https:\/\/yoast.com\/product\/yoast-seo-wordpress\/ -->\n<title>Legal and Compliance - ABZ Group<\/title>\n<meta name=\"robots\" content=\"index, follow, max-snippet:-1, max-image-preview:large, max-video-preview:-1\" \/>\n<link rel=\"canonical\" href=\"https:\/\/groupabz.com\/pt\/legal-compliance\/\" \/>\n<meta property=\"og:locale\" content=\"pt_BR\" \/>\n<meta property=\"og:type\" content=\"article\" \/>\n<meta property=\"og:title\" content=\"Legal and Compliance - ABZ Group\" \/>\n<meta property=\"og:description\" content=\"Legal and Compliance Our Policies At ABZ Group, integrity is the foundation of everything we do. Our global operations demand strict compliance with laws, regulations, and best practices, ensuring transparent, ethical, and secure relationships with clients, partners, and employees. On this page, we provide access to our main corporate policies, which reflect our commitment to [&hellip;]\" \/>\n<meta property=\"og:url\" content=\"https:\/\/groupabz.com\/pt\/legal-compliance\/\" \/>\n<meta property=\"og:site_name\" content=\"ABZ Group\" \/>\n<meta property=\"article:modified_time\" content=\"2025-08-20T17:27:33+00:00\" \/>\n<meta name=\"twitter:card\" content=\"summary_large_image\" \/>\n<meta name=\"twitter:label1\" content=\"Est. tempo de leitura\" \/>\n\t<meta name=\"twitter:data1\" content=\"1 minuto\" \/>\n<script type=\"application\/ld+json\" class=\"yoast-schema-graph\">{\"@context\":\"https:\\\/\\\/schema.org\",\"@graph\":[{\"@type\":\"WebPage\",\"@id\":\"https:\\\/\\\/groupabz.com\\\/legal-compliance\\\/\",\"url\":\"https:\\\/\\\/groupabz.com\\\/legal-compliance\\\/\",\"name\":\"Legal and Compliance - ABZ Group\",\"isPartOf\":{\"@id\":\"https:\\\/\\\/groupabz.com\\\/#website\"},\"datePublished\":\"2025-05-29T18:22:35+00:00\",\"dateModified\":\"2025-08-20T17:27:33+00:00\",\"breadcrumb\":{\"@id\":\"https:\\\/\\\/groupabz.com\\\/legal-compliance\\\/#breadcrumb\"},\"inLanguage\":\"pt-BR\",\"potentialAction\":[{\"@type\":\"ReadAction\",\"target\":[\"https:\\\/\\\/groupabz.com\\\/legal-compliance\\\/\"]}]},{\"@type\":\"BreadcrumbList\",\"@id\":\"https:\\\/\\\/groupabz.com\\\/legal-compliance\\\/#breadcrumb\",\"itemListElement\":[{\"@type\":\"ListItem\",\"position\":1,\"name\":\"In\u00edcio\",\"item\":\"https:\\\/\\\/groupabz.com\\\/\"},{\"@type\":\"ListItem\",\"position\":2,\"name\":\"Legal and Compliance\"}]},{\"@type\":\"WebSite\",\"@id\":\"https:\\\/\\\/groupabz.com\\\/#website\",\"url\":\"https:\\\/\\\/groupabz.com\\\/\",\"name\":\"ABZ Group\",\"description\":\"Meu site\",\"publisher\":{\"@id\":\"https:\\\/\\\/groupabz.com\\\/#organization\"},\"potentialAction\":[{\"@type\":\"SearchAction\",\"target\":{\"@type\":\"EntryPoint\",\"urlTemplate\":\"https:\\\/\\\/groupabz.com\\\/?s={search_term_string}\"},\"query-input\":{\"@type\":\"PropertyValueSpecification\",\"valueRequired\":true,\"valueName\":\"search_term_string\"}}],\"inLanguage\":\"pt-BR\"},{\"@type\":\"Organization\",\"@id\":\"https:\\\/\\\/groupabz.com\\\/#organization\",\"name\":\"ABZ Group SAS\",\"url\":\"https:\\\/\\\/groupabz.com\\\/\",\"logo\":{\"@type\":\"ImageObject\",\"inLanguage\":\"pt-BR\",\"@id\":\"https:\\\/\\\/groupabz.com\\\/#\\\/schema\\\/logo\\\/image\\\/\",\"url\":\"https:\\\/\\\/groupabz.com\\\/wp-content\\\/uploads\\\/2024\\\/12\\\/Logo_preto.svg\",\"contentUrl\":\"https:\\\/\\\/groupabz.com\\\/wp-content\\\/uploads\\\/2024\\\/12\\\/Logo_preto.svg\",\"width\":100,\"height\":100,\"caption\":\"ABZ Group SAS\"},\"image\":{\"@id\":\"https:\\\/\\\/groupabz.com\\\/#\\\/schema\\\/logo\\\/image\\\/\"},\"sameAs\":[\"https:\\\/\\\/www.instagram.com\\\/abzservicos\\\/\",\"https:\\\/\\\/br.linkedin.com\\\/company\\\/abzservicos\"]}]}<\/script>\n<!-- \/ Yoast SEO plugin. -->","yoast_head_json":{"title":"Legal and Compliance - ABZ Group","robots":{"index":"index","follow":"follow","max-snippet":"max-snippet:-1","max-image-preview":"max-image-preview:large","max-video-preview":"max-video-preview:-1"},"canonical":"https:\/\/groupabz.com\/pt\/legal-compliance\/","og_locale":"pt_BR","og_type":"article","og_title":"Legal and Compliance - ABZ Group","og_description":"Legal and Compliance Our Policies At ABZ Group, integrity is the foundation of everything we do. Our global operations demand strict compliance with laws, regulations, and best practices, ensuring transparent, ethical, and secure relationships with clients, partners, and employees. On this page, we provide access to our main corporate policies, which reflect our commitment to [&hellip;]","og_url":"https:\/\/groupabz.com\/pt\/legal-compliance\/","og_site_name":"ABZ Group","article_modified_time":"2025-08-20T17:27:33+00:00","twitter_card":"summary_large_image","twitter_misc":{"Est. tempo de leitura":"1 minuto"},"schema":{"@context":"https:\/\/schema.org","@graph":[{"@type":"WebPage","@id":"https:\/\/groupabz.com\/legal-compliance\/","url":"https:\/\/groupabz.com\/legal-compliance\/","name":"Legal and Compliance - ABZ Group","isPartOf":{"@id":"https:\/\/groupabz.com\/#website"},"datePublished":"2025-05-29T18:22:35+00:00","dateModified":"2025-08-20T17:27:33+00:00","breadcrumb":{"@id":"https:\/\/groupabz.com\/legal-compliance\/#breadcrumb"},"inLanguage":"pt-BR","potentialAction":[{"@type":"ReadAction","target":["https:\/\/groupabz.com\/legal-compliance\/"]}]},{"@type":"BreadcrumbList","@id":"https:\/\/groupabz.com\/legal-compliance\/#breadcrumb","itemListElement":[{"@type":"ListItem","position":1,"name":"In\u00edcio","item":"https:\/\/groupabz.com\/"},{"@type":"ListItem","position":2,"name":"Legal and Compliance"}]},{"@type":"WebSite","@id":"https:\/\/groupabz.com\/#website","url":"https:\/\/groupabz.com\/","name":"ABZ Group","description":"Meu site","publisher":{"@id":"https:\/\/groupabz.com\/#organization"},"potentialAction":[{"@type":"SearchAction","target":{"@type":"EntryPoint","urlTemplate":"https:\/\/groupabz.com\/?s={search_term_string}"},"query-input":{"@type":"PropertyValueSpecification","valueRequired":true,"valueName":"search_term_string"}}],"inLanguage":"pt-BR"},{"@type":"Organization","@id":"https:\/\/groupabz.com\/#organization","name":"ABZ Group SAS","url":"https:\/\/groupabz.com\/","logo":{"@type":"ImageObject","inLanguage":"pt-BR","@id":"https:\/\/groupabz.com\/#\/schema\/logo\/image\/","url":"https:\/\/groupabz.com\/wp-content\/uploads\/2024\/12\/Logo_preto.svg","contentUrl":"https:\/\/groupabz.com\/wp-content\/uploads\/2024\/12\/Logo_preto.svg","width":100,"height":100,"caption":"ABZ Group SAS"},"image":{"@id":"https:\/\/groupabz.com\/#\/schema\/logo\/image\/"},"sameAs":["https:\/\/www.instagram.com\/abzservicos\/","https:\/\/br.linkedin.com\/company\/abzservicos"]}]}},"_links":{"self":[{"href":"https:\/\/groupabz.com\/pt\/wp-json\/wp\/v2\/pages\/2777","targetHints":{"allow":["GET"]}}],"collection":[{"href":"https:\/\/groupabz.com\/pt\/wp-json\/wp\/v2\/pages"}],"about":[{"href":"https:\/\/groupabz.com\/pt\/wp-json\/wp\/v2\/types\/page"}],"author":[{"embeddable":true,"href":"https:\/\/groupabz.com\/pt\/wp-json\/wp\/v2\/users\/2"}],"replies":[{"embeddable":true,"href":"https:\/\/groupabz.com\/pt\/wp-json\/wp\/v2\/comments?post=2777"}],"version-history":[{"count":5,"href":"https:\/\/groupabz.com\/pt\/wp-json\/wp\/v2\/pages\/2777\/revisions"}],"predecessor-version":[{"id":2832,"href":"https:\/\/groupabz.com\/pt\/wp-json\/wp\/v2\/pages\/2777\/revisions\/2832"}],"wp:attachment":[{"href":"https:\/\/groupabz.com\/pt\/wp-json\/wp\/v2\/media?parent=2777"}],"curies":[{"name":"wp","href":"https:\/\/api.w.org\/{rel}","templated":true}]}}